{"id":13490,"date":"2024-12-02T09:23:26","date_gmt":"2024-12-02T08:23:26","guid":{"rendered":"https:\/\/traverseedeparis-aviron.com\/?page_id=13490"},"modified":"2025-02-24T11:14:56","modified_gmt":"2025-02-24T10:14:56","slug":"mentions-legales-2","status":"publish","type":"page","link":"http:\/\/traverseedeparis-aviron.com\/de\/mentions-legales-2\/","title":{"rendered":"RECHTLICHE HINWEISE"},"content":{"rendered":"<p>[et_pb_section fb_built=\u00a0\u00bb1&Prime; _builder_version=\u00a0\u00bb4.27.0&Prime; _module_preset=\u00a0\u00bbdefault\u00a0\u00bb custom_margin=\u00a0\u00bb0px||0px||false|false\u00a0\u00bb custom_padding=\u00a0\u00bb30px||50px||false|false\u00a0\u00bb global_colors_info=\u00a0\u00bb{}\u00a0\u00bb theme_builder_area=\u00a0\u00bbpost_content\u00a0\u00bb][et_pb_row _builder_version=\u00a0\u00bb4.27.2&Prime; _module_preset=\u00a0\u00bbdefault\u00a0\u00bb width_tablet=\u00a0\u00bb\u00a0\u00bb width_phone=\u00a0\u00bb92%\u00a0\u00bb width_last_edited=\u00a0\u00bbon|phone\u00a0\u00bb custom_margin=\u00a0\u00bb0px||||false|false\u00a0\u00bb custom_padding=\u00a0\u00bb0px||||false|false\u00a0\u00bb global_colors_info=\u00a0\u00bb{}\u00a0\u00bb theme_builder_area=\u00a0\u00bbpost_content\u00a0\u00bb][et_pb_column type=\u00a0\u00bb4_4&Prime; _builder_version=\u00a0\u00bb4.24.2&Prime; _module_preset=\u00a0\u00bbdefault\u00a0\u00bb global_colors_info=\u00a0\u00bb{}\u00a0\u00bb theme_builder_area=\u00a0\u00bbpost_content\u00a0\u00bb][et_pb_heading title=\u00a0\u00bbMENTIONS LEGALES\u00a0\u00bb _builder_version=\u00a0\u00bb4.27.4&Prime; _module_preset=\u00a0\u00bbdefault\u00a0\u00bb title_font=\u00a0\u00bbAlegreya Sans SC|900|||||||\u00a0\u00bb title_text_color=\u00a0\u00bb#0c3c78&Prime; custom_margin=\u00a0\u00bb||0px||false|false\u00a0\u00bb custom_padding=\u00a0\u00bb||0px||false|false\u00a0\u00bb hover_enabled=\u00a0\u00bb0&Prime; global_colors_info=\u00a0\u00bb{}\u00a0\u00bb theme_builder_area=\u00a0\u00bbpost_content\u00a0\u00bb sticky_enabled=\u00a0\u00bb0&Prime;][\/et_pb_heading][et_pb_text _builder_version=\u00a0\u00bb4.27.4&Prime; _module_preset=\u00a0\u00bbdefault\u00a0\u00bb text_font=\u00a0\u00bbAlegreya||||||||\u00a0\u00bb text_text_color=\u00a0\u00bb#0c3c78&Prime; text_font_size=\u00a0\u00bb16px\u00a0\u00bb custom_margin=\u00a0\u00bb0px||10px||false|false\u00a0\u00bb custom_padding=\u00a0\u00bb0px||0px||false|false\u00a0\u00bb hover_enabled=\u00a0\u00bb0&Prime; global_colors_info=\u00a0\u00bb%91%93&Prime; theme_builder_area=\u00a0\u00bbpost_content\u00a0\u00bb sticky_enabled=\u00a0\u00bb0&Prime;]<\/p>\n<p>Ce site est \u00e9dit\u00e9 par la Ligue \u00cele-de-France d&rsquo;Aviron fond\u00e9e en 1921, association de la loi 1901 reconnue d&rsquo;utilit\u00e9 publique dont le si\u00e8ge social est situ\u00e9 \u00e0 Stade nautique Olympique, 4 chemin de la victoire, 77360 Vaires-sur-Marne &#8211; Tel: 01.48.75.79.10 &#8211;<span style=\"color: #000000;\"> contact@aviron-iledefrance.org.<\/span><\/p>\n<p>[\/et_pb_text][et_pb_text _builder_version=\u00a0\u00bb4.27.4&Prime; _module_preset=\u00a0\u00bbdefault\u00a0\u00bb text_font=\u00a0\u00bbAlegreya||||||||\u00a0\u00bb text_text_color=\u00a0\u00bb#0c3c78&Prime; text_font_size=\u00a0\u00bb16px\u00a0\u00bb custom_margin=\u00a0\u00bb0px||10px||false|false\u00a0\u00bb custom_padding=\u00a0\u00bb0px||||false|false\u00a0\u00bb hover_enabled=\u00a0\u00bb0&Prime; global_colors_info=\u00a0\u00bb%91%93&Prime; theme_builder_area=\u00a0\u00bbpost_content\u00a0\u00bb sticky_enabled=\u00a0\u00bb0&Prime;]<\/p>\n<p><strong>Directeur de la publication:<\/strong> Fr\u00e9d\u00e9ric ANDOLFI<\/p>\n<p>[\/et_pb_text][et_pb_text _builder_version=\u00a0\u00bb4.27.4&Prime; _module_preset=\u00a0\u00bbdefault\u00a0\u00bb text_font=\u00a0\u00bbAlegreya||||||||\u00a0\u00bb text_text_color=\u00a0\u00bb#0c3c78&Prime; text_font_size=\u00a0\u00bb16px\u00a0\u00bb custom_margin=\u00a0\u00bb0px||45px||false|false\u00a0\u00bb custom_padding=\u00a0\u00bb0px||0px||false|false\u00a0\u00bb hover_enabled=\u00a0\u00bb0&Prime; global_colors_info=\u00a0\u00bb%91%93&Prime; theme_builder_area=\u00a0\u00bbpost_content\u00a0\u00bb sticky_enabled=\u00a0\u00bb0&Prime;]<\/p>\n<p>H\u00e9bergeur du site: Soci\u00e9t\u00e9 OVH &#8211; Adresse web: <a href=\"http:\/\/www.ovh.com\">www.ovh.com<\/a> &#8211; Adresse Postale: <span>\u00a02 rue kellermann, BP 80157, 59053 ROUBAIX Cedex 1 &#8211; T\u00e9l\u00e9phone: +33 (0)8.203.63 &#8211; Adresse \u00e9l\u00e9ctronique: support@ovh.com.<\/span><\/p>\n<p>[\/et_pb_text][et_pb_heading title=\u00a0\u00bbINFORMATIONS QUE NOUS COLLECTONS\u00a0\u00bb _builder_version=\u00a0\u00bb4.27.4&Prime; _module_preset=\u00a0\u00bbdefault\u00a0\u00bb title_font=\u00a0\u00bbAlegreya Sans SC|900|||||||\u00a0\u00bb title_text_color=\u00a0\u00bb#0c3c78&Prime; custom_margin=\u00a0\u00bb0px||0px||false|false\u00a0\u00bb custom_padding=\u00a0\u00bb0px||0px||false|false\u00a0\u00bb hover_enabled=\u00a0\u00bb0&Prime; global_colors_info=\u00a0\u00bb{}\u00a0\u00bb theme_builder_area=\u00a0\u00bbpost_content\u00a0\u00bb sticky_enabled=\u00a0\u00bb0&Prime;][\/et_pb_heading][et_pb_text _builder_version=\u00a0\u00bb4.27.4&Prime; _module_preset=\u00a0\u00bbdefault\u00a0\u00bb text_font=\u00a0\u00bbAlegreya||||||||\u00a0\u00bb text_text_color=\u00a0\u00bb#0c3c78&Prime; text_font_size=\u00a0\u00bb16px\u00a0\u00bb custom_margin=\u00a0\u00bb0px||45px||false|false\u00a0\u00bb custom_padding=\u00a0\u00bb0px||||false|false\u00a0\u00bb hover_enabled=\u00a0\u00bb0&Prime; global_colors_info=\u00a0\u00bb%91%93&Prime; theme_builder_area=\u00a0\u00bbpost_content\u00a0\u00bb sticky_enabled=\u00a0\u00bb0&Prime;]<\/p>\n<p><span>Lorsque vous visitez notre site web, nous pouvons collecter certaines informations automatiquement, y compris votre adresse IP, le type de navigateur que vous utilisez, les pages que vous consultez, et les temps d&rsquo;acc\u00e8s. Nous pouvons \u00e9galement collecter des informations personnelles que vous choisissez de nous fournir volontairement, telles que votre nom, adresse e-mail, num\u00e9ro de t\u00e9l\u00e9phone, etc., lorsque vous remplissez des formulaires sur notre site web.<\/span><\/p>\n<p>[\/et_pb_text][et_pb_heading title=\u00a0\u00bbCOMMENT NOUS UTILISONS VOS INFORMATIONS\u00a0\u00bb _builder_version=\u00a0\u00bb4.27.4&Prime; _module_preset=\u00a0\u00bbdefault\u00a0\u00bb title_font=\u00a0\u00bbAlegreya Sans SC|900|||||||\u00a0\u00bb title_text_color=\u00a0\u00bb#0c3c78&Prime; custom_margin=\u00a0\u00bb0px||0px||false|false\u00a0\u00bb custom_padding=\u00a0\u00bb0px||0px||false|false\u00a0\u00bb hover_enabled=\u00a0\u00bb0&Prime; global_colors_info=\u00a0\u00bb{}\u00a0\u00bb theme_builder_area=\u00a0\u00bbpost_content\u00a0\u00bb sticky_enabled=\u00a0\u00bb0&Prime;][\/et_pb_heading][et_pb_text _builder_version=\u00a0\u00bb4.27.4&Prime; _module_preset=\u00a0\u00bbdefault\u00a0\u00bb text_font=\u00a0\u00bbAlegreya||||||||\u00a0\u00bb text_text_color=\u00a0\u00bb#0c3c78&Prime; text_font_size=\u00a0\u00bb16px\u00a0\u00bb custom_margin=\u00a0\u00bb0px||45px||false|false\u00a0\u00bb custom_padding=\u00a0\u00bb0px||||false|false\u00a0\u00bb hover_enabled=\u00a0\u00bb0&Prime; global_colors_info=\u00a0\u00bb%91%93&Prime; theme_builder_area=\u00a0\u00bbpost_content\u00a0\u00bb sticky_enabled=\u00a0\u00bb0&Prime;]<\/p>\n<p><span>Nous utilisons les informations que nous collectons pour comprendre comment notre site web est utilis\u00e9, am\u00e9liorer l&rsquo;exp\u00e9rience des utilisateurs, r\u00e9pondre \u00e0 vos demandes et questions, et vous fournir des informations sur nos produits ou nos services. Nous ne vendons pas, ne louons pas et ne partageons pas vos informations personnelles avec des tiers \u00e0 des fins de marketing.<\/span><\/p>\n<p>[\/et_pb_text][et_pb_heading title=\u00a0\u00bbCOOKIES\u00a0\u00bb _builder_version=\u00a0\u00bb4.27.4&Prime; _module_preset=\u00a0\u00bbdefault\u00a0\u00bb title_font=\u00a0\u00bbAlegreya Sans SC|900|||||||\u00a0\u00bb title_text_color=\u00a0\u00bb#0c3c78&Prime; custom_margin=\u00a0\u00bb0px||0px||false|false\u00a0\u00bb custom_padding=\u00a0\u00bb0px||0px||false|false\u00a0\u00bb hover_enabled=\u00a0\u00bb0&Prime; global_colors_info=\u00a0\u00bb{}\u00a0\u00bb theme_builder_area=\u00a0\u00bbpost_content\u00a0\u00bb sticky_enabled=\u00a0\u00bb0&Prime;][\/et_pb_heading][et_pb_text _builder_version=\u00a0\u00bb4.27.4&Prime; _module_preset=\u00a0\u00bbdefault\u00a0\u00bb text_font=\u00a0\u00bbAlegreya||||||||\u00a0\u00bb text_text_color=\u00a0\u00bb#182765&Prime; text_font_size=\u00a0\u00bb16px\u00a0\u00bb custom_margin=\u00a0\u00bb0px||45px||false|false\u00a0\u00bb custom_padding=\u00a0\u00bb0px||||false|false\u00a0\u00bb hover_enabled=\u00a0\u00bb0&Prime; global_colors_info=\u00a0\u00bb%91%93&Prime; theme_builder_area=\u00a0\u00bbpost_content\u00a0\u00bb sticky_enabled=\u00a0\u00bb0&Prime;]<\/p>\n<p><span>Notre site web utilise des cookies pour am\u00e9liorer l&rsquo;exp\u00e9rience utilisateur. Les cookies sont de petits fichiers texte plac\u00e9s sur votre appareil pour recueillir des informations standard de connexion et de comportement des visiteurs. Vous pouvez d\u00e9sactiver les cookies dans les param\u00e8tres de votre navigateur, mais veuillez noter que certaines fonctionnalit\u00e9s de notre site web peuvent ne pas fonctionner correctement sans eux.<\/span><\/p>\n<p>[\/et_pb_text][et_pb_heading title=\u00a0\u00bbSECURITE DES DONNEES\u00a0\u00bb _builder_version=\u00a0\u00bb4.27.4&Prime; _module_preset=\u00a0\u00bbdefault\u00a0\u00bb title_font=\u00a0\u00bbAlegreya Sans SC|900|||||||\u00a0\u00bb title_text_color=\u00a0\u00bb#0c3c78&Prime; custom_margin=\u00a0\u00bb0px||0px||false|false\u00a0\u00bb custom_padding=\u00a0\u00bb0px||0px||false|false\u00a0\u00bb hover_enabled=\u00a0\u00bb0&Prime; global_colors_info=\u00a0\u00bb{}\u00a0\u00bb theme_builder_area=\u00a0\u00bbpost_content\u00a0\u00bb sticky_enabled=\u00a0\u00bb0&Prime;][\/et_pb_heading][et_pb_text _builder_version=\u00a0\u00bb4.27.4&Prime; _module_preset=\u00a0\u00bbdefault\u00a0\u00bb text_font=\u00a0\u00bbAlegreya||||||||\u00a0\u00bb text_text_color=\u00a0\u00bb#0c3c78&Prime; text_font_size=\u00a0\u00bb16px\u00a0\u00bb custom_margin=\u00a0\u00bb0px||45px||false|false\u00a0\u00bb custom_padding=\u00a0\u00bb0px||||false|false\u00a0\u00bb hover_enabled=\u00a0\u00bb0&Prime; global_colors_info=\u00a0\u00bb%91%93&Prime; theme_builder_area=\u00a0\u00bbpost_content\u00a0\u00bb sticky_enabled=\u00a0\u00bb0&Prime;]<\/p>\n<p><span>Nous prenons des mesures de s\u00e9curit\u00e9 appropri\u00e9es pour prot\u00e9ger vos informations personnelles contre tout acc\u00e8s non autoris\u00e9, utilisation, alt\u00e9ration ou destruction. Cependant, veuillez noter qu&rsquo;aucune m\u00e9thode de transmission sur Internet ou de stockage \u00e9lectronique n&rsquo;est totalement s\u00e9curis\u00e9e, et nous ne pouvons garantir la s\u00e9curit\u00e9 absolue de vos informations.<\/span><\/p>\n<p>[\/et_pb_text][et_pb_heading title=\u00a0\u00bbLIENS VERS D&rsquo;AUTRES SITES WEB\u00a0\u00bb _builder_version=\u00a0\u00bb4.27.4&Prime; _module_preset=\u00a0\u00bbdefault\u00a0\u00bb title_font=\u00a0\u00bbAlegreya Sans SC|900|||||||\u00a0\u00bb title_text_color=\u00a0\u00bb#0c3c78&Prime; custom_margin=\u00a0\u00bb0px||0px||false|false\u00a0\u00bb custom_padding=\u00a0\u00bb0px||0px||false|false\u00a0\u00bb hover_enabled=\u00a0\u00bb0&Prime; global_colors_info=\u00a0\u00bb{}\u00a0\u00bb theme_builder_area=\u00a0\u00bbpost_content\u00a0\u00bb sticky_enabled=\u00a0\u00bb0&Prime;][\/et_pb_heading][et_pb_text _builder_version=\u00a0\u00bb4.27.4&Prime; _module_preset=\u00a0\u00bbdefault\u00a0\u00bb text_font=\u00a0\u00bbAlegreya||||||||\u00a0\u00bb text_text_color=\u00a0\u00bb#0c3c78&Prime; text_font_size=\u00a0\u00bb16px\u00a0\u00bb custom_margin=\u00a0\u00bb0px||45px||false|false\u00a0\u00bb custom_padding=\u00a0\u00bb0px||||false|false\u00a0\u00bb hover_enabled=\u00a0\u00bb0&Prime; global_colors_info=\u00a0\u00bb%91%93&Prime; theme_builder_area=\u00a0\u00bbpost_content\u00a0\u00bb sticky_enabled=\u00a0\u00bb0&Prime;]<\/p>\n<p><span>Notre site web peut contenir des liens vers d&rsquo;autres sites web qui ne sont pas exploit\u00e9s par nous. Nous ne sommes pas responsables du contenu ou des pratiques de confidentialit\u00e9 de ces sites tiers. Nous vous encourageons \u00e0 lire les politiques de confidentialit\u00e9 de ces sites web avant de fournir des informations personnelles.<\/span><\/p>\n<p>[\/et_pb_text][et_pb_heading title=\u00a0\u00bbMODIFICATIONS DE LA POLITIQUE DE CONFIDENTIALITE\u00a0\u00bb _builder_version=\u00a0\u00bb4.27.4&Prime; _module_preset=\u00a0\u00bbdefault\u00a0\u00bb title_font=\u00a0\u00bbAlegreya Sans SC|900|||||||\u00a0\u00bb title_text_color=\u00a0\u00bb#0c3c78&Prime; custom_margin=\u00a0\u00bb0px||0px||false|false\u00a0\u00bb custom_padding=\u00a0\u00bb0px||0px||false|false\u00a0\u00bb hover_enabled=\u00a0\u00bb0&Prime; global_colors_info=\u00a0\u00bb{}\u00a0\u00bb theme_builder_area=\u00a0\u00bbpost_content\u00a0\u00bb sticky_enabled=\u00a0\u00bb0&Prime;][\/et_pb_heading][et_pb_text _builder_version=\u00a0\u00bb4.27.4&Prime; _module_preset=\u00a0\u00bbdefault\u00a0\u00bb text_font=\u00a0\u00bbAlegreya||||||||\u00a0\u00bb text_text_color=\u00a0\u00bb#0c3c78&Prime; text_font_size=\u00a0\u00bb16px\u00a0\u00bb custom_margin=\u00a0\u00bb0px||||false|false\u00a0\u00bb custom_padding=\u00a0\u00bb0px||||false|false\u00a0\u00bb hover_enabled=\u00a0\u00bb0&Prime; global_colors_info=\u00a0\u00bb%91%93&Prime; theme_builder_area=\u00a0\u00bbpost_content\u00a0\u00bb sticky_enabled=\u00a0\u00bb0&Prime;]<\/p>\n<p><span>Nous nous r\u00e9servons le droit de mettre \u00e0 jour ou de modifier cette politique de confidentialit\u00e9 \u00e0 tout moment. Toutes les modifications seront publi\u00e9es sur cette page avec la date de r\u00e9vision mise \u00e0 jour.<\/span><\/p>\n<p>[\/et_pb_text][\/et_pb_column][\/et_pb_row][\/et_pb_section]<\/p>\n","protected":false},"excerpt":{"rendered":"<p>Ce site est \u00e9dit\u00e9 par la Ligue \u00cele-de-France d&rsquo;Aviron fond\u00e9e en 1921, association de la loi 1901 reconnue d&rsquo;utilit\u00e9 publique dont le si\u00e8ge social est situ\u00e9 \u00e0 Stade nautique Olympique, 4 chemin de la victoire, 77360 Vaires-sur-Marne &#8211; Tel: 01.48.75.79.10 &#8211; contact@aviron-iledefrance.org.Directeur de la publication: Fr\u00e9d\u00e9ric ANDOLFIH\u00e9bergeur du site: Soci\u00e9t\u00e9 OVH &#8211; Adresse web: www.ovh.com [&hellip;]<\/p>\n","protected":false},"author":1,"featured_media":0,"parent":0,"menu_order":0,"comment_status":"closed","ping_status":"closed","template":"","meta":{"_et_pb_use_builder":"on","_et_pb_old_content":"","_et_gb_content_width":"","footnotes":""},"class_list":["post-13490","page","type-page","status-publish","hentry"],"_links":{"self":[{"href":"http:\/\/traverseedeparis-aviron.com\/de\/wp-json\/wp\/v2\/pages\/13490","targetHints":{"allow":["GET"]}}],"collection":[{"href":"http:\/\/traverseedeparis-aviron.com\/de\/wp-json\/wp\/v2\/pages"}],"about":[{"href":"http:\/\/traverseedeparis-aviron.com\/de\/wp-json\/wp\/v2\/types\/page"}],"author":[{"embeddable":true,"href":"http:\/\/traverseedeparis-aviron.com\/de\/wp-json\/wp\/v2\/users\/1"}],"replies":[{"embeddable":true,"href":"http:\/\/traverseedeparis-aviron.com\/de\/wp-json\/wp\/v2\/comments?post=13490"}],"version-history":[{"count":2,"href":"http:\/\/traverseedeparis-aviron.com\/de\/wp-json\/wp\/v2\/pages\/13490\/revisions"}],"predecessor-version":[{"id":13493,"href":"http:\/\/traverseedeparis-aviron.com\/de\/wp-json\/wp\/v2\/pages\/13490\/revisions\/13493"}],"wp:attachment":[{"href":"http:\/\/traverseedeparis-aviron.com\/de\/wp-json\/wp\/v2\/media?parent=13490"}],"curies":[{"name":"wp","href":"https:\/\/api.w.org\/{rel}","templated":true}]}}